{"id":357,"date":"2026-04-04T16:43:29","date_gmt":"2026-04-04T16:43:29","guid":{"rendered":"https:\/\/luxuryagencia.com\/?page_id=357"},"modified":"2026-04-04T19:06:17","modified_gmt":"2026-04-04T19:06:17","slug":"servicios","status":"publish","type":"page","link":"https:\/\/luxuryagencia.com\/en\/servicios\/","title":{"rendered":"SERVICES"},"content":{"rendered":"<div data-elementor-type=\"wp-page\" data-elementor-id=\"357\" class=\"elementor elementor-357\">\n\t\t\t\t\t\t<section class=\"elementor-section elementor-top-section elementor-element elementor-element-5b0374ff elementor-section-boxed elementor-section-height-default elementor-section-height-default\" data-id=\"5b0374ff\" data-element_type=\"section\" data-e-type=\"section\" data-settings=\"{&quot;background_background&quot;:&quot;classic&quot;}\">\n\t\t\t\t\t\t\t<div class=\"elementor-background-overlay\"><\/div>\n\t\t\t\t\t\t\t<div class=\"elementor-container elementor-column-gap-no\">\n\t\t\t\t\t<div class=\"elementor-column elementor-col-100 elementor-top-column elementor-element elementor-element-79578417 elementor-invisible\" data-id=\"79578417\" data-element_type=\"column\" data-e-type=\"column\" data-settings=\"{&quot;animation&quot;:&quot;fadeIn&quot;,&quot;background_background&quot;:&quot;classic&quot;}\">\n\t\t\t<div class=\"elementor-widget-wrap elementor-element-populated\">\n\t\t\t\t\t\t<div class=\"elementor-element elementor-element-56fde04e elementor-icon-list--layout-inline elementor-align-center elementor-list-item-link-full_width elementor-widget elementor-widget-icon-list\" data-id=\"56fde04e\" data-element_type=\"widget\" data-e-type=\"widget\" data-widget_type=\"icon-list.default\">\n\t\t\t\t\t\t\t<ul class=\"elementor-icon-list-items elementor-inline-items\">\n\t\t\t\t\t\t\t<li class=\"elementor-icon-list-item elementor-inline-item\">\n\t\t\t\t\t\t\t\t\t\t<span class=\"elementor-icon-list-text\">Branding<\/span>\n\t\t\t\t\t\t\t\t\t<\/li>\n\t\t\t\t\t\t\t\t<li class=\"elementor-icon-list-item elementor-inline-item\">\n\t\t\t\t\t\t\t\t\t\t\t<span class=\"elementor-icon-list-icon\">\n\t\t\t\t\t\t\t<svg aria-hidden=\"true\" class=\"e-font-icon-svg e-far-dot-circle\" viewbox=\"0 0 512 512\" xmlns=\"http:\/\/www.w3.org\/2000\/svg\"><path d=\"M256 56c110.532 0 200 89.451 200 200 0 110.532-89.451 200-200 200-110.532 0-200-89.451-200-200 0-110.532 89.451-200 200-200m0-48C119.033 8 8 119.033 8 256s111.033 248 248 248 248-111.033 248-248S392.967 8 256 8zm0 168c-44.183 0-80 35.817-80 80s35.817 80 80 80 80-35.817 80-80-35.817-80-80-80z\"><\/path><\/svg>\t\t\t\t\t\t<\/span>\n\t\t\t\t\t\t\t\t\t\t<span class=\"elementor-icon-list-text\">WEB<\/span>\n\t\t\t\t\t\t\t\t\t<\/li>\n\t\t\t\t\t\t\t\t<li class=\"elementor-icon-list-item elementor-inline-item\">\n\t\t\t\t\t\t\t\t\t\t\t<span class=\"elementor-icon-list-icon\">\n\t\t\t\t\t\t\t<svg aria-hidden=\"true\" class=\"e-font-icon-svg e-far-dot-circle\" viewbox=\"0 0 512 512\" xmlns=\"http:\/\/www.w3.org\/2000\/svg\"><path d=\"M256 56c110.532 0 200 89.451 200 200 0 110.532-89.451 200-200 200-110.532 0-200-89.451-200-200 0-110.532 89.451-200 200-200m0-48C119.033 8 8 119.033 8 256s111.033 248 248 248 248-111.033 248-248S392.967 8 256 8zm0 168c-44.183 0-80 35.817-80 80s35.817 80 80 80 80-35.817 80-80-35.817-80-80-80z\"><\/path><\/svg>\t\t\t\t\t\t<\/span>\n\t\t\t\t\t\t\t\t\t\t<span class=\"elementor-icon-list-text\">packaging<\/span>\n\t\t\t\t\t\t\t\t\t<\/li>\n\t\t\t\t\t\t<\/ul>\n\t\t\t\t\t\t<\/div>\n\t\t\t\t<div class=\"elementor-element elementor-element-492e737a elementor-widget elementor-widget-heading\" data-id=\"492e737a\" data-element_type=\"widget\" data-e-type=\"widget\" data-widget_type=\"heading.default\">\n\t\t\t\t\t<h2 class=\"elementor-heading-title elementor-size-default\">SERVICES<\/h2>\t\t\t\t<\/div>\n\t\t\t\t\t<\/div>\n\t\t<\/div>\n\t\t\t\t\t<\/div>\n\t\t<\/section>\n\t\t\t\t<section class=\"elementor-section elementor-top-section elementor-element elementor-element-19eb9a1f elementor-section-boxed elementor-section-height-default elementor-section-height-default\" data-id=\"19eb9a1f\" data-element_type=\"section\" data-e-type=\"section\" data-settings=\"{&quot;background_background&quot;:&quot;classic&quot;}\">\n\t\t\t\t\t\t<div class=\"elementor-container elementor-column-gap-no\">\n\t\t\t\t\t<div class=\"elementor-column elementor-col-100 elementor-top-column elementor-element elementor-element-5989c909\" data-id=\"5989c909\" data-element_type=\"column\" data-e-type=\"column\">\n\t\t\t<div class=\"elementor-widget-wrap elementor-element-populated\">\n\t\t\t\t\t\t<section class=\"elementor-section elementor-inner-section elementor-element elementor-element-16f37d62 elementor-section-content-middle elementor-section-boxed elementor-section-height-default elementor-section-height-default\" data-id=\"16f37d62\" data-element_type=\"section\" data-e-type=\"section\">\n\t\t\t\t\t\t<div class=\"elementor-container elementor-column-gap-no\">\n\t\t\t\t\t<div class=\"elementor-column elementor-col-50 elementor-inner-column elementor-element elementor-element-24d657f6 elementor-invisible\" data-id=\"24d657f6\" data-element_type=\"column\" data-e-type=\"column\" data-settings=\"{&quot;animation&quot;:&quot;fadeInLeft&quot;}\">\n\t\t\t<div class=\"elementor-widget-wrap elementor-element-populated\">\n\t\t\t\t\t\t<div class=\"elementor-element elementor-element-333aaa4 elementor-widget elementor-widget-image\" data-id=\"333aaa4\" data-element_type=\"widget\" data-e-type=\"widget\" data-widget_type=\"image.default\">\n\t\t\t\t\t\t\t\t\t\t\t\t\t\t\t<img fetchpriority=\"high\" decoding=\"async\" width=\"1920\" height=\"1080\" src=\"https:\/\/luxuryagencia.com\/wp-content\/uploads\/2026\/04\/1618-GD-2-1920X1080-29.png\" class=\"attachment-full size-full wp-image-439\" alt=\"\" srcset=\"https:\/\/luxuryagencia.com\/wp-content\/uploads\/2026\/04\/1618-GD-2-1920X1080-29.png 1920w, https:\/\/luxuryagencia.com\/wp-content\/uploads\/2026\/04\/1618-GD-2-1920X1080-29-300x169.png 300w, https:\/\/luxuryagencia.com\/wp-content\/uploads\/2026\/04\/1618-GD-2-1920X1080-29-1024x576.png 1024w, https:\/\/luxuryagencia.com\/wp-content\/uploads\/2026\/04\/1618-GD-2-1920X1080-29-768x432.png 768w, https:\/\/luxuryagencia.com\/wp-content\/uploads\/2026\/04\/1618-GD-2-1920X1080-29-1536x864.png 1536w, https:\/\/luxuryagencia.com\/wp-content\/uploads\/2026\/04\/1618-GD-2-1920X1080-29-600x338.png 600w\" sizes=\"(max-width: 1920px) 100vw, 1920px\" \/>\t\t\t\t\t\t\t\t\t\t\t\t\t\t\t<\/div>\n\t\t\t\t\t<\/div>\n\t\t<\/div>\n\t\t\t\t<div class=\"elementor-column elementor-col-50 elementor-inner-column elementor-element elementor-element-433b64ba elementor-invisible\" data-id=\"433b64ba\" data-element_type=\"column\" data-e-type=\"column\" data-settings=\"{&quot;animation&quot;:&quot;fadeInRight&quot;}\">\n\t\t\t<div class=\"elementor-widget-wrap elementor-element-populated\">\n\t\t\t\t\t\t<div class=\"elementor-element elementor-element-6fc552e8 elementor-widget elementor-widget-heading\" data-id=\"6fc552e8\" data-element_type=\"widget\" data-e-type=\"widget\" data-widget_type=\"heading.default\">\n\t\t\t\t\t<h2 class=\"elementor-heading-title elementor-size-default\">BRAND STRATEGY<\/h2>\t\t\t\t<\/div>\n\t\t\t\t<div class=\"elementor-element elementor-element-3469e40f elementor-widget elementor-widget-text-editor\" data-id=\"3469e40f\" data-element_type=\"widget\" data-e-type=\"widget\" data-widget_type=\"text-editor.default\">\n\t\t\t\t\t\t\t\t\t<p data-start=\"889\" data-end=\"940\">Para marcas que necesitan verse como realmente son.<\/p><p data-start=\"942\" data-end=\"1044\">Creamos sistemas visuales s\u00f3lidos, sofisticados y coherentes.<br data-start=\"1003\" data-end=\"1006\" \/>Desde el logo hasta toda la identidad.<\/p><p data-start=\"1046\" data-end=\"1106\">Ideal si est\u00e1s empezando o si tu marca qued\u00f3 desactualizada.<\/p>\t\t\t\t\t\t\t\t<\/div>\n\t\t\t\t\t<\/div>\n\t\t<\/div>\n\t\t\t\t\t<\/div>\n\t\t<\/section>\n\t\t\t\t<section class=\"elementor-section elementor-inner-section elementor-element elementor-element-6ac43953 elementor-section-content-middle elementor-section-boxed elementor-section-height-default elementor-section-height-default\" data-id=\"6ac43953\" data-element_type=\"section\" data-e-type=\"section\">\n\t\t\t\t\t\t<div class=\"elementor-container elementor-column-gap-no\">\n\t\t\t\t\t<div class=\"elementor-column elementor-col-50 elementor-inner-column elementor-element elementor-element-2fe9742d elementor-invisible\" data-id=\"2fe9742d\" data-element_type=\"column\" data-e-type=\"column\" data-settings=\"{&quot;animation&quot;:&quot;fadeInLeft&quot;}\">\n\t\t\t<div class=\"elementor-widget-wrap elementor-element-populated\">\n\t\t\t\t\t\t<div class=\"elementor-element elementor-element-5c686ea elementor-widget elementor-widget-image\" data-id=\"5c686ea\" data-element_type=\"widget\" data-e-type=\"widget\" data-widget_type=\"image.default\">\n\t\t\t\t\t\t\t\t\t\t\t\t\t\t\t<img decoding=\"async\" width=\"2560\" height=\"2560\" src=\"https:\/\/luxuryagencia.com\/wp-content\/uploads\/2026\/04\/Floraval_Boxes_ColorBG_Violet-scaled.png\" class=\"attachment-full size-full wp-image-436\" alt=\"\" srcset=\"https:\/\/luxuryagencia.com\/wp-content\/uploads\/2026\/04\/Floraval_Boxes_ColorBG_Violet-scaled.png 2560w, https:\/\/luxuryagencia.com\/wp-content\/uploads\/2026\/04\/Floraval_Boxes_ColorBG_Violet-300x300.png 300w\" sizes=\"(max-width: 2560px) 100vw, 2560px\" \/>\t\t\t\t\t\t\t\t\t\t\t\t\t\t\t<\/div>\n\t\t\t\t\t<\/div>\n\t\t<\/div>\n\t\t\t\t<div class=\"elementor-column elementor-col-50 elementor-inner-column elementor-element elementor-element-1c5fbd40 elementor-invisible\" data-id=\"1c5fbd40\" data-element_type=\"column\" data-e-type=\"column\" data-settings=\"{&quot;animation&quot;:&quot;fadeInRight&quot;}\">\n\t\t\t<div class=\"elementor-widget-wrap elementor-element-populated\">\n\t\t\t\t\t\t<div class=\"elementor-element elementor-element-4d32e964 elementor-widget elementor-widget-heading\" data-id=\"4d32e964\" data-element_type=\"widget\" data-e-type=\"widget\" data-widget_type=\"heading.default\">\n\t\t\t\t\t<h2 class=\"elementor-heading-title elementor-size-default\">PACKAGING<\/h2>\t\t\t\t<\/div>\n\t\t\t\t<div class=\"elementor-element elementor-element-6268f27b elementor-widget elementor-widget-text-editor\" data-id=\"6268f27b\" data-element_type=\"widget\" data-e-type=\"widget\" data-widget_type=\"text-editor.default\">\n\t\t\t\t\t\t\t\t\t<p data-start=\"1129\" data-end=\"1179\">Para productos que necesitan elevar su percepci\u00f3n.<\/p><p data-start=\"1181\" data-end=\"1296\">Dise\u00f1amos packaging que no solo contiene, sino que comunica valor.<br data-start=\"1247\" data-end=\"1250\" \/>Cada decisi\u00f3n suma a c\u00f3mo se percibe tu marca.<\/p><p data-start=\"1298\" data-end=\"1352\">Ideal si quer\u00e9s posicionarte m\u00e1s alto en tu categor\u00eda.<\/p>\t\t\t\t\t\t\t\t<\/div>\n\t\t\t\t\t<\/div>\n\t\t<\/div>\n\t\t\t\t\t<\/div>\n\t\t<\/section>\n\t\t\t\t<section class=\"elementor-section elementor-inner-section elementor-element elementor-element-4d918b14 elementor-section-content-middle elementor-section-boxed elementor-section-height-default elementor-section-height-default\" data-id=\"4d918b14\" data-element_type=\"section\" data-e-type=\"section\">\n\t\t\t\t\t\t<div class=\"elementor-container elementor-column-gap-no\">\n\t\t\t\t\t<div class=\"elementor-column elementor-col-50 elementor-inner-column elementor-element elementor-element-2866d544 elementor-invisible\" data-id=\"2866d544\" data-element_type=\"column\" data-e-type=\"column\" data-settings=\"{&quot;animation&quot;:&quot;fadeInLeft&quot;}\">\n\t\t\t<div class=\"elementor-widget-wrap elementor-element-populated\">\n\t\t\t\t\t\t<div class=\"elementor-element elementor-element-7be636b elementor-widget elementor-widget-image\" data-id=\"7be636b\" data-element_type=\"widget\" data-e-type=\"widget\" data-widget_type=\"image.default\">\n\t\t\t\t\t\t\t\t\t\t\t\t\t\t\t<img decoding=\"async\" width=\"1806\" height=\"988\" src=\"https:\/\/luxuryagencia.com\/wp-content\/uploads\/2026\/04\/Captura-de-pantalla-2026-04-04-154821.png\" class=\"attachment-full size-full wp-image-440\" alt=\"\" srcset=\"https:\/\/luxuryagencia.com\/wp-content\/uploads\/2026\/04\/Captura-de-pantalla-2026-04-04-154821.png 1806w, https:\/\/luxuryagencia.com\/wp-content\/uploads\/2026\/04\/Captura-de-pantalla-2026-04-04-154821-300x164.png 300w, https:\/\/luxuryagencia.com\/wp-content\/uploads\/2026\/04\/Captura-de-pantalla-2026-04-04-154821-1024x560.png 1024w, https:\/\/luxuryagencia.com\/wp-content\/uploads\/2026\/04\/Captura-de-pantalla-2026-04-04-154821-768x420.png 768w, https:\/\/luxuryagencia.com\/wp-content\/uploads\/2026\/04\/Captura-de-pantalla-2026-04-04-154821-1536x840.png 1536w, https:\/\/luxuryagencia.com\/wp-content\/uploads\/2026\/04\/Captura-de-pantalla-2026-04-04-154821-600x328.png 600w\" sizes=\"(max-width: 1806px) 100vw, 1806px\" \/>\t\t\t\t\t\t\t\t\t\t\t\t\t\t\t<\/div>\n\t\t\t\t\t<\/div>\n\t\t<\/div>\n\t\t\t\t<div class=\"elementor-column elementor-col-50 elementor-inner-column elementor-element elementor-element-333176ae elementor-invisible\" data-id=\"333176ae\" data-element_type=\"column\" data-e-type=\"column\" data-settings=\"{&quot;animation&quot;:&quot;fadeInRight&quot;}\">\n\t\t\t<div class=\"elementor-widget-wrap elementor-element-populated\">\n\t\t\t\t\t\t<div class=\"elementor-element elementor-element-6e2e46ca elementor-widget elementor-widget-heading\" data-id=\"6e2e46ca\" data-element_type=\"widget\" data-e-type=\"widget\" data-widget_type=\"heading.default\">\n\t\t\t\t\t<h2 class=\"elementor-heading-title elementor-size-default\">EXPERIENCIA DIGITAL<\/h2>\t\t\t\t<\/div>\n\t\t\t\t<div class=\"elementor-element elementor-element-473b2914 elementor-widget elementor-widget-text-editor\" data-id=\"473b2914\" data-element_type=\"widget\" data-e-type=\"widget\" data-widget_type=\"text-editor.default\">\n\t\t\t\t\t\t\t\t\t<p data-start=\"1385\" data-end=\"1439\">Para marcas que necesitan estar a la altura en online.<\/p><p data-start=\"1441\" data-end=\"1532\">Dise\u00f1amos y desarrollamos webs y e-commerce que combinan est\u00e9tica, estrategia y conversi\u00f3n.<\/p><p data-start=\"1534\" data-end=\"1596\">Ideal si tu presencia digital no refleja el nivel de tu marca<\/p>\t\t\t\t\t\t\t\t<\/div>\n\t\t\t\t\t<\/div>\n\t\t<\/div>\n\t\t\t\t\t<\/div>\n\t\t<\/section>\n\t\t\t\t<section class=\"elementor-section elementor-inner-section elementor-element elementor-element-2ec84e0 elementor-section-content-middle elementor-section-boxed elementor-section-height-default elementor-section-height-default\" data-id=\"2ec84e0\" data-element_type=\"section\" data-e-type=\"section\">\n\t\t\t\t\t\t<div class=\"elementor-container elementor-column-gap-no\">\n\t\t\t\t\t<div class=\"elementor-column elementor-col-50 elementor-inner-column elementor-element elementor-element-7f366f5 elementor-invisible\" data-id=\"7f366f5\" data-element_type=\"column\" data-e-type=\"column\" data-settings=\"{&quot;animation&quot;:&quot;fadeInLeft&quot;}\">\n\t\t\t<div class=\"elementor-widget-wrap elementor-element-populated\">\n\t\t\t\t\t\t<div class=\"elementor-element elementor-element-2b43153f elementor-widget elementor-widget-image\" data-id=\"2b43153f\" data-element_type=\"widget\" data-e-type=\"widget\" data-widget_type=\"image.default\">\n\t\t\t\t\t\t\t\t\t\t\t\t\t\t\t<img loading=\"lazy\" decoding=\"async\" width=\"2000\" height=\"2000\" src=\"https:\/\/luxuryagencia.com\/wp-content\/uploads\/2026\/04\/Grey_Pushups_NEW-2.jpg\" class=\"attachment-full size-full wp-image-445\" alt=\"\" srcset=\"https:\/\/luxuryagencia.com\/wp-content\/uploads\/2026\/04\/Grey_Pushups_NEW-2.jpg 2000w, https:\/\/luxuryagencia.com\/wp-content\/uploads\/2026\/04\/Grey_Pushups_NEW-2-300x300.jpg 300w, https:\/\/luxuryagencia.com\/wp-content\/uploads\/2026\/04\/Grey_Pushups_NEW-2-1024x1024.jpg 1024w, https:\/\/luxuryagencia.com\/wp-content\/uploads\/2026\/04\/Grey_Pushups_NEW-2-150x150.jpg 150w, https:\/\/luxuryagencia.com\/wp-content\/uploads\/2026\/04\/Grey_Pushups_NEW-2-768x768.jpg 768w, https:\/\/luxuryagencia.com\/wp-content\/uploads\/2026\/04\/Grey_Pushups_NEW-2-1536x1536.jpg 1536w, https:\/\/luxuryagencia.com\/wp-content\/uploads\/2026\/04\/Grey_Pushups_NEW-2-600x600.jpg 600w, https:\/\/luxuryagencia.com\/wp-content\/uploads\/2026\/04\/Grey_Pushups_NEW-2-100x100.jpg 100w\" sizes=\"(max-width: 2000px) 100vw, 2000px\" \/>\t\t\t\t\t\t\t\t\t\t\t\t\t\t\t<\/div>\n\t\t\t\t\t<\/div>\n\t\t<\/div>\n\t\t\t\t<div class=\"elementor-column elementor-col-50 elementor-inner-column elementor-element elementor-element-12e9b687 elementor-invisible\" data-id=\"12e9b687\" data-element_type=\"column\" data-e-type=\"column\" data-settings=\"{&quot;animation&quot;:&quot;fadeInRight&quot;}\">\n\t\t\t<div class=\"elementor-widget-wrap elementor-element-populated\">\n\t\t\t\t\t\t<div class=\"elementor-element elementor-element-596e6c61 elementor-widget elementor-widget-heading\" data-id=\"596e6c61\" data-element_type=\"widget\" data-e-type=\"widget\" data-widget_type=\"heading.default\">\n\t\t\t\t\t<h2 class=\"elementor-heading-title elementor-size-default\">DIRECCI\u00d3N CREATIVA &amp; CONTENIDO<\/h2>\t\t\t\t<\/div>\n\t\t\t\t<div class=\"elementor-element elementor-element-1856732c elementor-widget elementor-widget-text-editor\" data-id=\"1856732c\" data-element_type=\"widget\" data-e-type=\"widget\" data-widget_type=\"text-editor.default\">\n\t\t\t\t\t\t\t\t\t<p data-start=\"1640\" data-end=\"1694\">Para marcas que ya existen, pero necesitan coherencia.<\/p><p data-start=\"1696\" data-end=\"1779\">Definimos el tono, la est\u00e9tica y el sistema de comunicaci\u00f3n para todo lo que hac\u00e9s.<\/p><p data-start=\"1781\" data-end=\"1842\">Ideal si sent\u00eds que tu marca comunica de forma inconsistente.<\/p>\t\t\t\t\t\t\t\t<\/div>\n\t\t\t\t\t<\/div>\n\t\t<\/div>\n\t\t\t\t\t<\/div>\n\t\t<\/section>\n\t\t\t\t<section class=\"elementor-section elementor-inner-section elementor-element elementor-element-3887882 elementor-section-content-middle elementor-section-boxed elementor-section-height-default elementor-section-height-default\" data-id=\"3887882\" data-element_type=\"section\" data-e-type=\"section\">\n\t\t\t\t\t\t<div class=\"elementor-container elementor-column-gap-no\">\n\t\t\t\t\t<div class=\"elementor-column elementor-col-50 elementor-inner-column elementor-element elementor-element-7f1109e elementor-invisible\" data-id=\"7f1109e\" data-element_type=\"column\" data-e-type=\"column\" data-settings=\"{&quot;animation&quot;:&quot;fadeInLeft&quot;}\">\n\t\t\t<div class=\"elementor-widget-wrap elementor-element-populated\">\n\t\t\t\t\t\t<div class=\"elementor-element elementor-element-fa5edc9 elementor-widget elementor-widget-image\" data-id=\"fa5edc9\" data-element_type=\"widget\" data-e-type=\"widget\" data-widget_type=\"image.default\">\n\t\t\t\t\t\t\t\t\t\t\t\t\t\t\t<img loading=\"lazy\" decoding=\"async\" width=\"1920\" height=\"1081\" src=\"https:\/\/luxuryagencia.com\/wp-content\/uploads\/2026\/04\/1618-GD-2-1920X1080-30.png\" class=\"attachment-full size-full wp-image-444\" alt=\"\" srcset=\"https:\/\/luxuryagencia.com\/wp-content\/uploads\/2026\/04\/1618-GD-2-1920X1080-30.png 1920w, https:\/\/luxuryagencia.com\/wp-content\/uploads\/2026\/04\/1618-GD-2-1920X1080-30-300x169.png 300w, https:\/\/luxuryagencia.com\/wp-content\/uploads\/2026\/04\/1618-GD-2-1920X1080-30-1024x577.png 1024w, https:\/\/luxuryagencia.com\/wp-content\/uploads\/2026\/04\/1618-GD-2-1920X1080-30-768x432.png 768w, https:\/\/luxuryagencia.com\/wp-content\/uploads\/2026\/04\/1618-GD-2-1920X1080-30-1536x865.png 1536w, https:\/\/luxuryagencia.com\/wp-content\/uploads\/2026\/04\/1618-GD-2-1920X1080-30-600x338.png 600w\" sizes=\"(max-width: 1920px) 100vw, 1920px\" \/>\t\t\t\t\t\t\t\t\t\t\t\t\t\t\t<\/div>\n\t\t\t\t<div class=\"elementor-element elementor-element-071cb8f elementor-widget__width-initial elementor-widget-tablet__width-initial elementor-widget-mobile__width-initial elementor-absolute elementor-widget elementor-widget-video\" data-id=\"071cb8f\" data-element_type=\"widget\" data-e-type=\"widget\" data-settings=\"{&quot;show_image_overlay&quot;:&quot;yes&quot;,&quot;image_overlay&quot;:{&quot;url&quot;:&quot;https:\\\/\\\/luxuryagencia.com\\\/wp-content\\\/uploads\\\/2026\\\/04\\\/video-1.jpg&quot;,&quot;id&quot;:409,&quot;size&quot;:&quot;&quot;},&quot;lightbox&quot;:&quot;yes&quot;,&quot;_position&quot;:&quot;absolute&quot;,&quot;video_type&quot;:&quot;hosted&quot;,&quot;controls&quot;:&quot;yes&quot;}\" data-widget_type=\"video.default\">\n\t\t\t\t\t\t\t<div class=\"e-hosted-video elementor-wrapper elementor-open-lightbox\">\n\t\t\t\t\t\t\t<div class=\"elementor-custom-embed-image-overlay\" data-elementor-open-lightbox=\"yes\" data-elementor-lightbox=\"{&quot;type&quot;:&quot;video&quot;,&quot;videoType&quot;:&quot;hosted&quot;,&quot;url&quot;:&quot;https:\\\/\\\/luxuryagencia.com\\\/wp-content\\\/uploads\\\/2026\\\/04\\\/FINAL_ARMORVAL-2.mp4&quot;,&quot;autoplay&quot;:&quot;&quot;,&quot;modalOptions&quot;:{&quot;id&quot;:&quot;elementor-lightbox-071cb8f&quot;,&quot;entranceAnimation&quot;:&quot;&quot;,&quot;entranceAnimation_tablet&quot;:&quot;&quot;,&quot;entranceAnimation_mobile&quot;:&quot;&quot;,&quot;videoAspectRatio&quot;:&quot;169&quot;},&quot;videoParams&quot;:{&quot;controls&quot;:&quot;&quot;,&quot;preload&quot;:&quot;metadata&quot;,&quot;controlsList&quot;:&quot;nodownload&quot;}}\" data-e-action-hash=\"#elementor-action%3Aaction%3Dlightbox%26settings%3DeyJ0eXBlIjoidmlkZW8iLCJ2aWRlb1R5cGUiOiJob3N0ZWQiLCJ1cmwiOiJodHRwczpcL1wvbHV4dXJ5YWdlbmNpYS5jb21cL3dwLWNvbnRlbnRcL3VwbG9hZHNcLzIwMjZcLzA0XC9GSU5BTF9BUk1PUlZBTC0yLm1wNCIsImF1dG9wbGF5IjoiIiwibW9kYWxPcHRpb25zIjp7ImlkIjoiZWxlbWVudG9yLWxpZ2h0Ym94LTA3MWNiOGYiLCJlbnRyYW5jZUFuaW1hdGlvbiI6IiIsImVudHJhbmNlQW5pbWF0aW9uX3RhYmxldCI6IiIsImVudHJhbmNlQW5pbWF0aW9uX21vYmlsZSI6IiIsInZpZGVvQXNwZWN0UmF0aW8iOiIxNjkifSwidmlkZW9QYXJhbXMiOnsiY29udHJvbHMiOiIiLCJwcmVsb2FkIjoibWV0YWRhdGEiLCJjb250cm9sc0xpc3QiOiJub2Rvd25sb2FkIn19\">\n\t\t\t\t\t\t\t\t\t\t\t<img loading=\"lazy\" decoding=\"async\" width=\"265\" height=\"200\" src=\"https:\/\/luxuryagencia.com\/wp-content\/uploads\/2026\/04\/video-1.jpg\" class=\"attachment-full size-full wp-image-409\" alt=\"\" \/>\t\t\t\t\t\t\t\t\t\t\t\t\t\t<\/div>\n\t\t\t\t\t<\/div>\n\t\t\t\t\t\t<\/div>\n\t\t\t\t\t<\/div>\n\t\t<\/div>\n\t\t\t\t<div class=\"elementor-column elementor-col-50 elementor-inner-column elementor-element elementor-element-33c13dd elementor-invisible\" data-id=\"33c13dd\" data-element_type=\"column\" data-e-type=\"column\" data-settings=\"{&quot;animation&quot;:&quot;fadeInRight&quot;}\">\n\t\t\t<div class=\"elementor-widget-wrap elementor-element-populated\">\n\t\t\t\t\t\t<div class=\"elementor-element elementor-element-fff1baf elementor-widget elementor-widget-heading\" data-id=\"fff1baf\" data-element_type=\"widget\" data-e-type=\"widget\" data-widget_type=\"heading.default\">\n\t\t\t\t\t<h2 class=\"elementor-heading-title elementor-size-default\">BRAND EVOLUTION<\/h2>\t\t\t\t<\/div>\n\t\t\t\t<div class=\"elementor-element elementor-element-f605835 elementor-widget elementor-widget-text-editor\" data-id=\"f605835\" data-element_type=\"widget\" data-e-type=\"widget\" data-widget_type=\"text-editor.default\">\n\t\t\t\t\t\t\t\t\t<p data-start=\"1871\" data-end=\"1918\">Para marcas que est\u00e1n listas para dar un salto.<\/p><p data-start=\"1920\" data-end=\"2026\">Trabajamos procesos de rebranding o reposicionamiento para redefinir tu marca y llevarla a un nuevo nivel.<\/p><p data-start=\"2028\" data-end=\"2073\">Ideal si tu negocio creci\u00f3, pero tu marca no.<\/p>\t\t\t\t\t\t\t\t<\/div>\n\t\t\t\t\t<\/div>\n\t\t<\/div>\n\t\t\t\t\t<\/div>\n\t\t<\/section>\n\t\t\t\t\t<\/div>\n\t\t<\/div>\n\t\t\t\t\t<\/div>\n\t\t<\/section>\n\t\t\t\t<\/div>","protected":false},"excerpt":{"rendered":"<p>Branding WEB packaging SERVICIOS BRAND STRATEGY Para marcas que necesitan verse como realmente son. Creamos sistemas visuales s\u00f3lidos, sofisticados y coherentes.Desde el logo hasta toda la identidad. Ideal si est\u00e1s empezando o si tu marca qued\u00f3 desactualizada. PACKAGING Para productos que necesitan elevar su percepci\u00f3n. Dise\u00f1amos packaging que no solo contiene, sino que comunica valor.Cada [&hellip;]<\/p>\n","protected":false},"author":1,"featured_media":0,"parent":0,"menu_order":0,"comment_status":"closed","ping_status":"closed","template":"elementor_header_footer","meta":{"_joinchat":[],"footnotes":""},"class_list":["post-357","page","type-page","status-publish","hentry"],"_hostinger_reach_plugin_has_subscription_block":false,"_hostinger_reach_plugin_is_elementor":false,"_links":{"self":[{"href":"https:\/\/luxuryagencia.com\/en\/wp-json\/wp\/v2\/pages\/357","targetHints":{"allow":["GET"]}}],"collection":[{"href":"https:\/\/luxuryagencia.com\/en\/wp-json\/wp\/v2\/pages"}],"about":[{"href":"https:\/\/luxuryagencia.com\/en\/wp-json\/wp\/v2\/types\/page"}],"author":[{"embeddable":true,"href":"https:\/\/luxuryagencia.com\/en\/wp-json\/wp\/v2\/users\/1"}],"replies":[{"embeddable":true,"href":"https:\/\/luxuryagencia.com\/en\/wp-json\/wp\/v2\/comments?post=357"}],"version-history":[{"count":70,"href":"https:\/\/luxuryagencia.com\/en\/wp-json\/wp\/v2\/pages\/357\/revisions"}],"predecessor-version":[{"id":461,"href":"https:\/\/luxuryagencia.com\/en\/wp-json\/wp\/v2\/pages\/357\/revisions\/461"}],"wp:attachment":[{"href":"https:\/\/luxuryagencia.com\/en\/wp-json\/wp\/v2\/media?parent=357"}],"curies":[{"name":"wp","href":"https:\/\/api.w.org\/{rel}","templated":true}]}}